{"id":239462,"date":"2024-01-31T01:09:49","date_gmt":"2024-01-30T23:09:49","guid":{"rendered":"https:\/\/aitria.gr\/blog\/"},"modified":"2026-03-25T20:23:03","modified_gmt":"2026-03-25T18:23:03","slug":"blog","status":"publish","type":"page","link":"https:\/\/aitria.gr\/fr\/blog\/","title":{"rendered":"Blog"},"content":{"rendered":"<div class=\"et_pb_section_0 et_pb_section et_section_regular et_block_section\">\n<div class=\"et_pb_row_0 et_pb_row et_block_row\">\n<div class=\"et_pb_column_0 et_pb_column et_pb_column_4_4 et-last-child et_block_column et_pb_css_mix_blend_mode_passthrough\">\n<div class=\"et_pb_blog_0 et_pb_blog et_pb_bg_layout_light et_pb_posts et_pb_module\"><div class=\"et_pb_ajax_pagination_container\"><div class=\"et_pb_posts et_grid_module\"><article class=\"et_pb_post et_pb_post_id_239427 clearfix et_pb_blog_item_0_0 post-239427 post type-post status-publish format-standard has-post-thumbnail hentry category-plants-trees-fr\"><div class=\"et_pb_image_container\"><a href=\"https:\/\/aitria.gr\/fr\/larbre-a-mastic\/\" class=\"entry-featured-image-url\"><img loading=\"lazy\" decoding=\"async\" src=\"https:\/\/aitria.gr\/wp-content\/uploads\/2024\/01\/aitria.gr-blog-the-mastic-tree-1.webp\" width=\"400\" height=\"284\" alt=\"L&rsquo;arbre \u00e0 mastic (Pistacia lentiscus)\" class=\"\" srcset=\"https:\/\/aitria.gr\/wp-content\/uploads\/2024\/01\/aitria.gr-blog-the-mastic-tree-1.webp 479w, https:\/\/aitria.gr\/wp-content\/uploads\/2024\/01\/aitria.gr-blog-the-mastic-tree-1-400x284.webp 480w\" sizes=\"(max-width:479px) 479px, 100vw\" \/><span data-icon=\"\ue050\" class=\"et_overlay et_pb_inline_icon\"><\/span><\/a><\/div><h2 class=\"entry-title\"><a href=\"https:\/\/aitria.gr\/fr\/larbre-a-mastic\/\">L&rsquo;arbre \u00e0 mastic (Pistacia lentiscus)<\/a><\/h2><p class=\"post-meta\"><span class=\"published\">Jan 30, 2024<\/span> | <span class=\"entry-categories\"><a href=\"https:\/\/aitria.gr\/fr\/categorie\/plants-trees-fr\/\" rel=\"tag\">Plantes et arbres<\/a><\/span> | <span class=\"entry-comments\">0 Commentaires<\/span><\/p><div class=\"post-content\"><div class=\"post-content-inner\"><p>Un arbuste expansif prosp\u00e9rant en M\u00e9diterran\u00e9e, l&rsquo;arbre \u00e0 mastic, ou Pistacia lentiscus, est r\u00e9sistant \u00e0 la s\u00e9cheresse mais sensible au gel. Il&hellip;<\/p>\n<\/div><a href=\"https:\/\/aitria.gr\/fr\/larbre-a-mastic\/\" class=\"more-link\">lire la suite...<\/a><\/div><\/article><\/div><div class=\"pagination clearfix\">\n\t<div class=\"alignleft\"><\/div>\n\t<div class=\"alignright\"><\/div>\n<\/div><\/div><\/div>\n<\/div>\n<\/div>\n<\/div>","protected":false},"excerpt":{"rendered":"","protected":false},"author":1,"featured_media":0,"parent":0,"menu_order":0,"comment_status":"closed","ping_status":"closed","template":"","meta":{"footnotes":""},"class_list":["post-239462","page","type-page","status-publish","hentry"],"_links":{"self":[{"href":"https:\/\/aitria.gr\/fr\/wp-json\/wp\/v2\/pages\/239462","targetHints":{"allow":["GET"]}}],"collection":[{"href":"https:\/\/aitria.gr\/fr\/wp-json\/wp\/v2\/pages"}],"about":[{"href":"https:\/\/aitria.gr\/fr\/wp-json\/wp\/v2\/types\/page"}],"author":[{"embeddable":true,"href":"https:\/\/aitria.gr\/fr\/wp-json\/wp\/v2\/users\/1"}],"replies":[{"embeddable":true,"href":"https:\/\/aitria.gr\/fr\/wp-json\/wp\/v2\/comments?post=239462"}],"version-history":[{"count":1,"href":"https:\/\/aitria.gr\/fr\/wp-json\/wp\/v2\/pages\/239462\/revisions"}],"predecessor-version":[{"id":240232,"href":"https:\/\/aitria.gr\/fr\/wp-json\/wp\/v2\/pages\/239462\/revisions\/240232"}],"wp:attachment":[{"href":"https:\/\/aitria.gr\/fr\/wp-json\/wp\/v2\/media?parent=239462"}],"curies":[{"name":"wp","href":"https:\/\/api.w.org\/{rel}","templated":true}]}}