{"id":239546,"date":"2024-01-29T16:21:32","date_gmt":"2024-01-29T14:21:32","guid":{"rendered":"https:\/\/aitria.gr\/gallery\/"},"modified":"2026-03-25T20:37:23","modified_gmt":"2026-03-25T18:37:23","slug":"galerie","status":"publish","type":"page","link":"https:\/\/aitria.gr\/fr\/galerie\/","title":{"rendered":"Galerie"},"content":{"rendered":"<div class=\"et_pb_section_0 et_pb_section et_section_regular et_block_section\"><span class=\"et_pb_background_pattern\"><\/span>\n<div class=\"et_pb_row_0 et_pb_row et_pb_gutters1 et_block_row\"><span class=\"et_pb_background_pattern\"><\/span>\n<div class=\"et_pb_column_0 et_pb_column et_pb_column_4_4 et-last-child et_block_column et_pb_css_mix_blend_mode_passthrough\">\n<div class=\"et_pb_text_0 et_pb_text et_pb_bg_layout_light et_pb_module et_block_module\"><div class=\"et_pb_text_inner\"><h3>Photos<\/h3>\n<\/div><\/div>\n<\/div>\n<\/div>\n\n<div class=\"et_pb_row_1 et_pb_row et_pb_gutters1 et_block_row wpz-gallery-masonry\">\n<div class=\"et_pb_column_1 et_pb_column et_pb_column_4_4 et-last-child et_block_column et_pb_css_mix_blend_mode_passthrough\">\n<div class=\"et_pb_gallery_0 et_pb_gallery et_pb_bg_layout_light et_pb_gallery_grid et_pb_module\" data-auto-rotate=\"off\" data-auto-rotate-speed=\"\"><div class=\"et_pb_gallery_items et_post_gallery clearfix et_block_module\" data-per_page=\"20\"><div class=\"et_pb_gallery_item et_pb_grid_item et_pb_gallery_item_0_0\"><div class=\"et_pb_gallery_image landscape\" data-per_page=\"20\"><a href=\"https:\/\/aitria.gr\/wp-content\/uploads\/2024\/01\/aitria.gr-gallery-page-1.webp\" title=\"Basilic pourpre\"><img loading=\"lazy\" decoding=\"async\" width=\"1437\" height=\"900\" src=\"https:\/\/aitria.gr\/wp-content\/uploads\/2024\/01\/aitria.gr-gallery-page-1.webp\" alt=\"\" class=\"wp-image-239358\" srcset=\"https:\/\/aitria.gr\/wp-content\/uploads\/2024\/01\/aitria.gr-gallery-page-1.webp 479w, https:\/\/aitria.gr\/wp-content\/uploads\/2024\/01\/aitria.gr-gallery-page-1.webp 480w\" sizes=\"(max-width:479px) 479px, 100vw\" \/><span class=\"et_overlay\" data-icon=\"\" data-icon-tablet=\"\" data-icon-phone=\"\"><\/span><\/a><\/div><h3 class=\"et_pb_gallery_title\">Basilic pourpre<\/h3><\/div><div class=\"et_pb_gallery_item et_pb_grid_item et_pb_gallery_item_0_1\"><div class=\"et_pb_gallery_image landscape\" data-per_page=\"20\"><a href=\"https:\/\/aitria.gr\/wp-content\/uploads\/2024\/01\/aitria.gr-gallery-page-13.webp\" title=\"Le tr\u00f4ne de Silke\"><img loading=\"lazy\" decoding=\"async\" width=\"1150\" height=\"900\" src=\"https:\/\/aitria.gr\/wp-content\/uploads\/2024\/01\/aitria.gr-gallery-page-13.webp\" alt=\"\" class=\"wp-image-239394\" srcset=\"https:\/\/aitria.gr\/wp-content\/uploads\/2024\/01\/aitria.gr-gallery-page-13.webp 479w, https:\/\/aitria.gr\/wp-content\/uploads\/2024\/01\/aitria.gr-gallery-page-13.webp 480w\" sizes=\"(max-width:479px) 479px, 100vw\" \/><span class=\"et_overlay\" data-icon=\"\" data-icon-tablet=\"\" data-icon-phone=\"\"><\/span><\/a><\/div><h3 class=\"et_pb_gallery_title\">Le tr\u00f4ne de Silke<\/h3><\/div><div class=\"et_pb_gallery_item et_pb_grid_item et_pb_gallery_item_0_2\"><div class=\"et_pb_gallery_image landscape\" data-per_page=\"20\"><a href=\"https:\/\/aitria.gr\/wp-content\/uploads\/2024\/01\/aitria.gr-gallery-page-7.webp\" title=\"R\u00e9colte des oliviers anciens avec des b\u00e9n\u00e9voles\"><img loading=\"lazy\" decoding=\"async\" width=\"1329\" height=\"900\" src=\"https:\/\/aitria.gr\/wp-content\/uploads\/2024\/01\/aitria.gr-gallery-page-7.webp\" alt=\"\" class=\"wp-image-239376\" srcset=\"https:\/\/aitria.gr\/wp-content\/uploads\/2024\/01\/aitria.gr-gallery-page-7.webp 479w, https:\/\/aitria.gr\/wp-content\/uploads\/2024\/01\/aitria.gr-gallery-page-7.webp 480w\" sizes=\"(max-width:479px) 479px, 100vw\" \/><span class=\"et_overlay\" data-icon=\"\" data-icon-tablet=\"\" data-icon-phone=\"\"><\/span><\/a><\/div><h3 class=\"et_pb_gallery_title\">R\u00e9colte des oliviers anciens avec des b\u00e9n\u00e9voles<\/h3><\/div><div class=\"et_pb_gallery_item et_pb_grid_item et_pb_gallery_item_0_3\"><div class=\"et_pb_gallery_image landscape\" data-per_page=\"20\"><a href=\"https:\/\/aitria.gr\/wp-content\/uploads\/2024\/01\/aitria.gr-gallery-page-15.webp\" title=\"P\u00e9tales de rose\"><img loading=\"lazy\" decoding=\"async\" width=\"802\" height=\"900\" src=\"https:\/\/aitria.gr\/wp-content\/uploads\/2024\/01\/aitria.gr-gallery-page-15.webp\" alt=\"\" class=\"wp-image-239400\" srcset=\"https:\/\/aitria.gr\/wp-content\/uploads\/2024\/01\/aitria.gr-gallery-page-15.webp 479w, https:\/\/aitria.gr\/wp-content\/uploads\/2024\/01\/aitria.gr-gallery-page-15.webp 480w\" sizes=\"(max-width:479px) 479px, 100vw\" \/><span class=\"et_overlay\" data-icon=\"\" data-icon-tablet=\"\" data-icon-phone=\"\"><\/span><\/a><\/div><h3 class=\"et_pb_gallery_title\">P\u00e9tales de rose<\/h3><\/div><div class=\"et_pb_gallery_item et_pb_grid_item et_pb_gallery_item_0_4\"><div class=\"et_pb_gallery_image landscape\" data-per_page=\"20\"><a href=\"https:\/\/aitria.gr\/wp-content\/uploads\/2024\/01\/aitria.gr-gallery-page-10.webp\" title=\"R\u00e9colte avec des invit\u00e9s allemands\"><img loading=\"lazy\" decoding=\"async\" width=\"1087\" height=\"900\" src=\"https:\/\/aitria.gr\/wp-content\/uploads\/2024\/01\/aitria.gr-gallery-page-10.webp\" alt=\"\" class=\"wp-image-239385\" srcset=\"https:\/\/aitria.gr\/wp-content\/uploads\/2024\/01\/aitria.gr-gallery-page-10.webp 479w, https:\/\/aitria.gr\/wp-content\/uploads\/2024\/01\/aitria.gr-gallery-page-10.webp 480w\" sizes=\"(max-width:479px) 479px, 100vw\" \/><span class=\"et_overlay\" data-icon=\"\" data-icon-tablet=\"\" data-icon-phone=\"\"><\/span><\/a><\/div><h3 class=\"et_pb_gallery_title\">R\u00e9colte avec des invit\u00e9s allemands<\/h3><\/div><div class=\"et_pb_gallery_item et_pb_grid_item et_pb_gallery_item_0_5\"><div class=\"et_pb_gallery_image landscape\" data-per_page=\"20\"><a href=\"https:\/\/aitria.gr\/wp-content\/uploads\/2024\/01\/aitria.gr-gallery-page-3.webp\" title=\"Adoption\"><img loading=\"lazy\" decoding=\"async\" width=\"1200\" height=\"900\" src=\"https:\/\/aitria.gr\/wp-content\/uploads\/2024\/01\/aitria.gr-gallery-page-3.webp\" alt=\"\" class=\"wp-image-239364\" srcset=\"https:\/\/aitria.gr\/wp-content\/uploads\/2024\/01\/aitria.gr-gallery-page-3.webp 479w, https:\/\/aitria.gr\/wp-content\/uploads\/2024\/01\/aitria.gr-gallery-page-3.webp 480w\" sizes=\"(max-width:479px) 479px, 100vw\" \/><span class=\"et_overlay\" data-icon=\"\" data-icon-tablet=\"\" data-icon-phone=\"\"><\/span><\/a><\/div><h3 class=\"et_pb_gallery_title\">Adoption<\/h3><\/div><div class=\"et_pb_gallery_item et_pb_grid_item et_pb_gallery_item_0_6\"><div class=\"et_pb_gallery_image landscape\" data-per_page=\"20\"><a href=\"https:\/\/aitria.gr\/wp-content\/uploads\/2024\/08\/shop.webp\" title=\"Notre boutique\"><img loading=\"lazy\" decoding=\"async\" width=\"791\" height=\"900\" src=\"https:\/\/aitria.gr\/wp-content\/uploads\/2024\/08\/shop.webp\" alt=\"\" class=\"wp-image-239697\" srcset=\"https:\/\/aitria.gr\/wp-content\/uploads\/2024\/08\/shop.webp 479w, https:\/\/aitria.gr\/wp-content\/uploads\/2024\/08\/shop.webp 480w\" sizes=\"(max-width:479px) 479px, 100vw\" \/><span class=\"et_overlay\" data-icon=\"\" data-icon-tablet=\"\" data-icon-phone=\"\"><\/span><\/a><\/div><h3 class=\"et_pb_gallery_title\">Notre boutique<\/h3><\/div><div class=\"et_pb_gallery_item et_pb_grid_item et_pb_gallery_item_0_7\"><div class=\"et_pb_gallery_image landscape\" data-per_page=\"20\"><a href=\"https:\/\/aitria.gr\/wp-content\/uploads\/2024\/01\/aitria.gr-gallery-page-6.webp\" title=\"Basilic\"><img loading=\"lazy\" decoding=\"async\" width=\"1329\" height=\"900\" src=\"https:\/\/aitria.gr\/wp-content\/uploads\/2024\/01\/aitria.gr-gallery-page-6.webp\" alt=\"\" class=\"wp-image-239373\" srcset=\"https:\/\/aitria.gr\/wp-content\/uploads\/2024\/01\/aitria.gr-gallery-page-6.webp 479w, https:\/\/aitria.gr\/wp-content\/uploads\/2024\/01\/aitria.gr-gallery-page-6.webp 480w\" sizes=\"(max-width:479px) 479px, 100vw\" \/><span class=\"et_overlay\" data-icon=\"\" data-icon-tablet=\"\" data-icon-phone=\"\"><\/span><\/a><\/div><h3 class=\"et_pb_gallery_title\">Basilic<\/h3><\/div><div class=\"et_pb_gallery_item et_pb_grid_item et_pb_gallery_item_0_8\"><div class=\"et_pb_gallery_image landscape\" data-per_page=\"20\"><a href=\"https:\/\/aitria.gr\/wp-content\/uploads\/2024\/01\/aitria.gr-gallery-page-11.webp\" title=\"Giorgos avec ses p\u00e9tales de rose\"><img loading=\"lazy\" decoding=\"async\" width=\"729\" height=\"900\" src=\"https:\/\/aitria.gr\/wp-content\/uploads\/2024\/01\/aitria.gr-gallery-page-11.webp\" alt=\"\" class=\"wp-image-239388\" srcset=\"https:\/\/aitria.gr\/wp-content\/uploads\/2024\/01\/aitria.gr-gallery-page-11.webp 479w, https:\/\/aitria.gr\/wp-content\/uploads\/2024\/01\/aitria.gr-gallery-page-11.webp 480w\" sizes=\"(max-width:479px) 479px, 100vw\" \/><span class=\"et_overlay\" data-icon=\"\" data-icon-tablet=\"\" data-icon-phone=\"\"><\/span><\/a><\/div><h3 class=\"et_pb_gallery_title\">Giorgos avec ses p\u00e9tales de rose<\/h3><\/div><div class=\"et_pb_gallery_item et_pb_grid_item et_pb_gallery_item_0_9\"><div class=\"et_pb_gallery_image landscape\" data-per_page=\"20\"><a href=\"https:\/\/aitria.gr\/wp-content\/uploads\/2024\/01\/aitria.gr-gallery-page-9.webp\" title=\"Pause pendant la r\u00e9colte\"><img loading=\"lazy\" decoding=\"async\" width=\"1120\" height=\"900\" src=\"https:\/\/aitria.gr\/wp-content\/uploads\/2024\/01\/aitria.gr-gallery-page-9.webp\" alt=\"\" class=\"wp-image-239382\" srcset=\"https:\/\/aitria.gr\/wp-content\/uploads\/2024\/01\/aitria.gr-gallery-page-9.webp 479w, https:\/\/aitria.gr\/wp-content\/uploads\/2024\/01\/aitria.gr-gallery-page-9.webp 480w\" sizes=\"(max-width:479px) 479px, 100vw\" \/><span class=\"et_overlay\" data-icon=\"\" data-icon-tablet=\"\" data-icon-phone=\"\"><\/span><\/a><\/div><h3 class=\"et_pb_gallery_title\">Pause pendant la r\u00e9colte<\/h3><\/div><div class=\"et_pb_gallery_item et_pb_grid_item et_pb_gallery_item_0_10\"><div class=\"et_pb_gallery_image landscape\" data-per_page=\"20\"><a href=\"https:\/\/aitria.gr\/wp-content\/uploads\/2024\/01\/aitria.gr-gallery-page-5.webp\" title=\"Giorgos avec un arbre ancien\"><img loading=\"lazy\" decoding=\"async\" width=\"596\" height=\"900\" src=\"https:\/\/aitria.gr\/wp-content\/uploads\/2024\/01\/aitria.gr-gallery-page-5.webp\" alt=\"\" class=\"wp-image-239370\" srcset=\"https:\/\/aitria.gr\/wp-content\/uploads\/2024\/01\/aitria.gr-gallery-page-5.webp 479w, https:\/\/aitria.gr\/wp-content\/uploads\/2024\/01\/aitria.gr-gallery-page-5.webp 480w\" sizes=\"(max-width:479px) 479px, 100vw\" \/><span class=\"et_overlay\" data-icon=\"\" data-icon-tablet=\"\" data-icon-phone=\"\"><\/span><\/a><\/div><h3 class=\"et_pb_gallery_title\">Giorgos avec un arbre ancien<\/h3><\/div><div class=\"et_pb_gallery_item et_pb_grid_item et_pb_gallery_item_0_11\"><div class=\"et_pb_gallery_image landscape\" data-per_page=\"20\"><a href=\"https:\/\/aitria.gr\/wp-content\/uploads\/2024\/01\/aitria.gr-gallery-page-12.webp\" title=\"S\u00e9parer les olives des feuilles\"><img loading=\"lazy\" decoding=\"async\" width=\"1015\" height=\"900\" src=\"https:\/\/aitria.gr\/wp-content\/uploads\/2024\/01\/aitria.gr-gallery-page-12.webp\" alt=\"\" class=\"wp-image-239391\" srcset=\"https:\/\/aitria.gr\/wp-content\/uploads\/2024\/01\/aitria.gr-gallery-page-12.webp 479w, https:\/\/aitria.gr\/wp-content\/uploads\/2024\/01\/aitria.gr-gallery-page-12.webp 480w\" sizes=\"(max-width:479px) 479px, 100vw\" \/><span class=\"et_overlay\" data-icon=\"\" data-icon-tablet=\"\" data-icon-phone=\"\"><\/span><\/a><\/div><h3 class=\"et_pb_gallery_title\">S\u00e9parer les olives des feuilles<\/h3><\/div><div class=\"et_pb_gallery_item et_pb_grid_item et_pb_gallery_item_0_12\"><div class=\"et_pb_gallery_image landscape\" data-per_page=\"20\"><a href=\"https:\/\/aitria.gr\/wp-content\/uploads\/2024\/01\/aitria.gr-gallery-page-14.webp\" title=\"Membres d&#039;Eptastiktos en Normandie\"><img loading=\"lazy\" decoding=\"async\" width=\"1469\" height=\"900\" src=\"https:\/\/aitria.gr\/wp-content\/uploads\/2024\/01\/aitria.gr-gallery-page-14.webp\" alt=\"\" class=\"wp-image-239397\" srcset=\"https:\/\/aitria.gr\/wp-content\/uploads\/2024\/01\/aitria.gr-gallery-page-14.webp 479w, https:\/\/aitria.gr\/wp-content\/uploads\/2024\/01\/aitria.gr-gallery-page-14.webp 480w\" sizes=\"(max-width:479px) 479px, 100vw\" \/><span class=\"et_overlay\" data-icon=\"\" data-icon-tablet=\"\" data-icon-phone=\"\"><\/span><\/a><\/div><h3 class=\"et_pb_gallery_title\">Membres d&rsquo;Eptastiktos en Normandie<\/h3><\/div><div class=\"et_pb_gallery_item et_pb_grid_item et_pb_gallery_item_0_13\"><div class=\"et_pb_gallery_image landscape\" data-per_page=\"20\"><a href=\"https:\/\/aitria.gr\/wp-content\/uploads\/2024\/01\/aitria.gr-gallery-page-2.webp\" title=\"R\u00e9colte du basilic\"><img loading=\"lazy\" decoding=\"async\" width=\"1679\" height=\"900\" src=\"https:\/\/aitria.gr\/wp-content\/uploads\/2024\/01\/aitria.gr-gallery-page-2.webp\" alt=\"\" class=\"wp-image-239361\" srcset=\"https:\/\/aitria.gr\/wp-content\/uploads\/2024\/01\/aitria.gr-gallery-page-2.webp 479w, https:\/\/aitria.gr\/wp-content\/uploads\/2024\/01\/aitria.gr-gallery-page-2.webp 480w\" sizes=\"(max-width:479px) 479px, 100vw\" \/><span class=\"et_overlay\" data-icon=\"\" data-icon-tablet=\"\" data-icon-phone=\"\"><\/span><\/a><\/div><h3 class=\"et_pb_gallery_title\">R\u00e9colte du basilic<\/h3><\/div><div class=\"et_pb_gallery_item et_pb_grid_item et_pb_gallery_item_0_14\"><div class=\"et_pb_gallery_image landscape\" data-per_page=\"20\"><a href=\"https:\/\/aitria.gr\/wp-content\/uploads\/2024\/01\/aitria.gr-gallery-page-16.webp\" title=\"Substrat de v\u00e9ritables \u00e9ponges de mer naturelles avec compost pour la culture du basilic\"><img loading=\"lazy\" decoding=\"async\" width=\"1140\" height=\"900\" src=\"https:\/\/aitria.gr\/wp-content\/uploads\/2024\/01\/aitria.gr-gallery-page-16.webp\" alt=\"\" class=\"wp-image-239403\" srcset=\"https:\/\/aitria.gr\/wp-content\/uploads\/2024\/01\/aitria.gr-gallery-page-16.webp 479w, https:\/\/aitria.gr\/wp-content\/uploads\/2024\/01\/aitria.gr-gallery-page-16.webp 480w\" sizes=\"(max-width:479px) 479px, 100vw\" \/><span class=\"et_overlay\" data-icon=\"\" data-icon-tablet=\"\" data-icon-phone=\"\"><\/span><\/a><\/div><h3 class=\"et_pb_gallery_title\">Substrat de v\u00e9ritables \u00e9ponges de mer naturelles avec compost pour la culture du basilic<\/h3><\/div><div class=\"et_pb_gallery_item et_pb_grid_item et_pb_gallery_item_0_15\"><div class=\"et_pb_gallery_image landscape\" data-per_page=\"20\"><a href=\"https:\/\/aitria.gr\/wp-content\/uploads\/2024\/01\/aitria.gr-gallery-page-8.webp\" title=\"Silke r\u00e9coltant du basilic\"><img loading=\"lazy\" decoding=\"async\" width=\"651\" height=\"900\" src=\"https:\/\/aitria.gr\/wp-content\/uploads\/2024\/01\/aitria.gr-gallery-page-8.webp\" alt=\"\" class=\"wp-image-239379\" srcset=\"https:\/\/aitria.gr\/wp-content\/uploads\/2024\/01\/aitria.gr-gallery-page-8.webp 479w, https:\/\/aitria.gr\/wp-content\/uploads\/2024\/01\/aitria.gr-gallery-page-8.webp 480w\" sizes=\"(max-width:479px) 479px, 100vw\" \/><span class=\"et_overlay\" data-icon=\"\" data-icon-tablet=\"\" data-icon-phone=\"\"><\/span><\/a><\/div><h3 class=\"et_pb_gallery_title\">Silke r\u00e9coltant du basilic<\/h3><\/div><div class=\"et_pb_gallery_item et_pb_grid_item et_pb_gallery_item_0_16\"><div class=\"et_pb_gallery_image landscape\" data-per_page=\"20\"><a href=\"https:\/\/aitria.gr\/wp-content\/uploads\/2024\/08\/aitria-shop-from-inside.webp\" title=\"Int\u00e9rieur de la boutique\"><img loading=\"lazy\" decoding=\"async\" width=\"713\" height=\"900\" src=\"https:\/\/aitria.gr\/wp-content\/uploads\/2024\/08\/aitria-shop-from-inside.webp\" alt=\"\" class=\"wp-image-239701\" srcset=\"https:\/\/aitria.gr\/wp-content\/uploads\/2024\/08\/aitria-shop-from-inside.webp 479w, https:\/\/aitria.gr\/wp-content\/uploads\/2024\/08\/aitria-shop-from-inside.webp 480w\" sizes=\"(max-width:479px) 479px, 100vw\" \/><span class=\"et_overlay\" data-icon=\"\" data-icon-tablet=\"\" data-icon-phone=\"\"><\/span><\/a><\/div><h3 class=\"et_pb_gallery_title\">Int\u00e9rieur de la boutique<\/h3><\/div><div class=\"et_pb_gallery_item et_pb_grid_item et_pb_gallery_item_0_17\"><div class=\"et_pb_gallery_image landscape\" data-per_page=\"20\"><a href=\"https:\/\/aitria.gr\/wp-content\/uploads\/2024\/01\/aitria.gr-gallery-page-4.webp\" title=\"Arbre ancien, \u00e2g\u00e9 de 1200 ans\"><img loading=\"lazy\" decoding=\"async\" width=\"1022\" height=\"900\" src=\"https:\/\/aitria.gr\/wp-content\/uploads\/2024\/01\/aitria.gr-gallery-page-4.webp\" alt=\"\" class=\"wp-image-239367\" srcset=\"https:\/\/aitria.gr\/wp-content\/uploads\/2024\/01\/aitria.gr-gallery-page-4.webp 479w, https:\/\/aitria.gr\/wp-content\/uploads\/2024\/01\/aitria.gr-gallery-page-4.webp 480w\" sizes=\"(max-width:479px) 479px, 100vw\" \/><span class=\"et_overlay\" data-icon=\"\" data-icon-tablet=\"\" data-icon-phone=\"\"><\/span><\/a><\/div><h3 class=\"et_pb_gallery_title\">Arbre ancien, \u00e2g\u00e9 de 1200 ans<\/h3><\/div><\/div><\/div>\n<\/div>\n<\/div>\n\n<div class=\"et_pb_row_2 et_pb_row et_pb_gutters1 et_block_row\"><span class=\"et_pb_background_pattern\"><\/span>\n<div class=\"et_pb_column_2 et_pb_column et_pb_column_4_4 et-last-child et_block_column et_pb_css_mix_blend_mode_passthrough\">\n<div class=\"et_pb_text_1 et_pb_text et_pb_bg_layout_light et_pb_module et_block_module\"><div class=\"et_pb_text_inner\"><h3>Vid\u00e9os<\/h3>\n<\/div><\/div>\n<\/div>\n<\/div>\n\n<div class=\"et_pb_row_3 et_pb_row et_pb_gutters1 et_block_row\"><span class=\"et_pb_background_pattern\"><\/span>\n<div class=\"et_pb_column_3 et_pb_column et_pb_column_1_2 et_block_column et_pb_css_mix_blend_mode_passthrough\">\n<div class=\"et_pb_video_0 et_pb_video et_pb_module et_block_module\"><div class=\"et_pb_video_box\"><iframe loading=\"lazy\" title=\"What I learned from leaving Paris and spending 1 month in a small Greek village\" src=\"https:\/\/player.vimeo.com\/video\/913629987?dnt=1&amp;app_id=122963\" width=\"1080\" height=\"608\" frameborder=\"0\" allow=\"autoplay; fullscreen; picture-in-picture; clipboard-write; encrypted-media; web-share\" referrerpolicy=\"strict-origin-when-cross-origin\"><\/iframe><\/div><\/div>\n\n<div class=\"et_pb_text_2 et_pb_text et_pb_bg_layout_light et_pb_module et_block_module\"><div class=\"et_pb_text_inner\"><p>Ce que j'ai appris en passant un mois dans un petit village grec<\/p>\n<\/div><\/div>\n<\/div>\n\n<div class=\"et_pb_column_4 et_pb_column et_pb_column_1_2 et-last-child et_block_column et_pb_css_mix_blend_mode_passthrough\">\n<div class=\"et_pb_video_1 et_pb_video et_pb_module et_block_module\"><div class=\"et_pb_video_box\"><iframe loading=\"lazy\" title=\"OLIVE OIL - How olive oil is made in Greec (and why its so healthy!)\" src=\"https:\/\/player.vimeo.com\/video\/888698909?dnt=1&amp;app_id=122963\" width=\"1080\" height=\"608\" frameborder=\"0\" allow=\"autoplay; fullscreen; picture-in-picture; clipboard-write; encrypted-media; web-share\" referrerpolicy=\"strict-origin-when-cross-origin\"><\/iframe><\/div><\/div>\n\n<div class=\"et_pb_text_3 et_pb_text et_pb_bg_layout_light et_pb_module et_block_module\"><div class=\"et_pb_text_inner\"><p>Comment l'huile d'olive est fabriqu\u00e9e en Gr\u00e8ce (et pourquoi elle est si saine !)<\/p>\n<\/div><\/div>\n<\/div>\n<\/div>\n\n<div class=\"et_pb_row_4 et_pb_row et_pb_gutters1 et_block_row\"><span class=\"et_pb_background_pattern\"><\/span>\n<div class=\"et_pb_column_5 et_pb_column et_pb_column_1_2 et_block_column et_pb_css_mix_blend_mode_passthrough\">\n<div class=\"et_pb_video_2 et_pb_video et_pb_module et_block_module\"><div class=\"et_pb_video_box\"><iframe loading=\"lazy\" title=\"\u03a4\u03c3\u03b9&#039; \u0391\u03b3\u03ac\u03c0\u03b7\u03c2 \u03c0\u03c1\u03ac\u03bc\u03b1\u03c4\u03b1 (\u03bc\u03ad\u03c1\u03bf\u03c2 1)\" src=\"https:\/\/player.vimeo.com\/video\/1099337375?h=a1ce46a8d5&amp;dnt=1&amp;app_id=122963\" width=\"1080\" height=\"608\" frameborder=\"0\" allow=\"autoplay; fullscreen; picture-in-picture; clipboard-write; encrypted-media; web-share\" referrerpolicy=\"strict-origin-when-cross-origin\"><\/iframe><\/div><\/div>\n\n<div class=\"et_pb_text_4 et_pb_text et_pb_bg_layout_light et_pb_module et_block_module\"><div class=\"et_pb_text_inner\"><p>\u03a4\u03c3\u03b9' \u0391\u03b3\u03ac\u03c0\u03b7\u03c2 \u03c0\u03c1\u03ac\u03bc\u03b1\u03c4\u03b1 (\u03bc\u03ad\u03c1\u03bf\u03c2 1)<\/p>\n<\/div><\/div>\n<\/div>\n\n<div class=\"et_pb_column_6 et_pb_column et_pb_column_1_2 et-last-child et_block_column et_pb_css_mix_blend_mode_passthrough\">\n<div class=\"et_pb_video_3 et_pb_video et_pb_module et_block_module\"><div class=\"et_pb_video_box\"><iframe loading=\"lazy\" title=\"\u03a4\u03c3\u03b9&#039; \u0391\u03b3\u03ac\u03c0\u03b7\u03c2 \u03c0\u03c1\u03ac\u03bc\u03b1\u03c4\u03b1 (\u03bc\u03ad\u03c1\u03bf\u03c2 2)\" src=\"https:\/\/player.vimeo.com\/video\/1099337836?h=246eb31692&amp;dnt=1&amp;app_id=122963\" width=\"1080\" height=\"608\" frameborder=\"0\" allow=\"autoplay; fullscreen; picture-in-picture; clipboard-write; encrypted-media; web-share\" referrerpolicy=\"strict-origin-when-cross-origin\"><\/iframe><\/div><\/div>\n\n<div class=\"et_pb_text_5 et_pb_text et_pb_bg_layout_light et_pb_module et_block_module\"><div class=\"et_pb_text_inner\"><p>\u03a4\u03c3\u03b9' \u0391\u03b3\u03ac\u03c0\u03b7\u03c2 \u03c0\u03c1\u03ac\u03bc\u03b1\u03c4\u03b1 (\u03bc\u03ad\u03c1\u03bf\u03c2 2)<\/p>\n<\/div><\/div>\n<\/div>\n<\/div>\n<\/div>","protected":false},"excerpt":{"rendered":"","protected":false},"author":1,"featured_media":0,"parent":0,"menu_order":0,"comment_status":"closed","ping_status":"closed","template":"","meta":{"footnotes":""},"class_list":["post-239546","page","type-page","status-publish","hentry"],"_links":{"self":[{"href":"https:\/\/aitria.gr\/fr\/wp-json\/wp\/v2\/pages\/239546","targetHints":{"allow":["GET"]}}],"collection":[{"href":"https:\/\/aitria.gr\/fr\/wp-json\/wp\/v2\/pages"}],"about":[{"href":"https:\/\/aitria.gr\/fr\/wp-json\/wp\/v2\/types\/page"}],"author":[{"embeddable":true,"href":"https:\/\/aitria.gr\/fr\/wp-json\/wp\/v2\/users\/1"}],"replies":[{"embeddable":true,"href":"https:\/\/aitria.gr\/fr\/wp-json\/wp\/v2\/comments?post=239546"}],"version-history":[{"count":1,"href":"https:\/\/aitria.gr\/fr\/wp-json\/wp\/v2\/pages\/239546\/revisions"}],"predecessor-version":[{"id":240238,"href":"https:\/\/aitria.gr\/fr\/wp-json\/wp\/v2\/pages\/239546\/revisions\/240238"}],"wp:attachment":[{"href":"https:\/\/aitria.gr\/fr\/wp-json\/wp\/v2\/media?parent=239546"}],"curies":[{"name":"wp","href":"https:\/\/api.w.org\/{rel}","templated":true}]}}